{"id":37,"date":"2020-03-05T17:03:22","date_gmt":"2020-03-05T17:03:22","guid":{"rendered":"http:\/\/schreiber-transporte.com\/?page_id=37"},"modified":"2023-10-24T16:15:05","modified_gmt":"2023-10-24T16:15:05","slug":"impressum","status":"publish","type":"page","link":"https:\/\/schreiber-transporte.com\/?page_id=37","title":{"rendered":"Impressum"},"content":{"rendered":"\n<p><strong>Schreiber Transporte GbR<\/strong><br>H\u00f6henstra\u00dfe 3, 71711 Steinheim an der Murr<\/p>\n\n\n\n<p><strong>Gesch\u00e4ftsf\u00fchrer<br><\/strong>Nicolas Schreiber<\/p>\n\n\n\n<p><strong>Kontakt zu Schreiber Transporte:<\/strong><br>Telefon:&nbsp;&nbsp; &nbsp;+49 (0) 7144 884405<br>Telefax:&nbsp;&nbsp; &nbsp;+49 (0) 7144 884406<br>E-Mail:&nbsp;&nbsp; &nbsp;info@schreiber-transporte.com<\/p>\n\n\n\n<p><strong>Umsatzsteuer-ID:<\/strong><br>Umsatzsteuer-Identifikationsnummer gem\u00e4\u00df \u00a727 a Umsatzsteuergesetz:<br>DE326047469<br><br><\/p>\n\n\n\n<p><strong>Hinweise<br><\/strong>Alle Angaben auf den Internet-Seiten der Schreiber Transporte GbR haben wir sorgf\u00e4ltig gepr\u00fcft. Trotz aller Sorgfalt kann eine Haftung oder Garantie f\u00fcr die Richtigkeit, Vollst\u00e4ndigkeit und Aktualit\u00e4t der Daten nicht \u00fcbernommen werden. Dies gilt auch f\u00fcr alle anderen Websites, auf die mit Hyperlinks verwiesen wird. Die Schreiber Transporte GbR ist f\u00fcr den Inhalt der Websites, die aufgrund einer solchen Verbindung erreicht werden, nicht verantwortlich. Wir behalten uns das Recht vor, Aktualisierungen, \u00c4nderungen oder Erg\u00e4nzungen an den bereitgestellten Informationen und Daten vorzunehmen.<\/p>\n\n\n\n<p><strong>Copyright<\/strong><br>Struktur und Inhalt der Website der Schreiber Transporte GbR sind urheberrechtlich gesch\u00fctzt. Die Vervielf\u00e4ltigung von Informationen oder Daten, insbesondere die Verwendung von Texten, Textteilen oder Bildmaterial bedarf der vorherigen Zustimmung der Schreiber Transporte GbR.<\/p>\n\n\n\n<h4 class=\"wp-block-heading\">EU-Verordnung<\/h4>\n\n\n\n<p>Die Europ\u00e4ische Kommission stellt eine Plattform zur Online-Streitbeilegung (OS) bereit, die Sie hier finden&nbsp;<a rel=\"noreferrer noopener\" href=\"https:\/\/ec.europa.eu\/consumers\/odr\/\" target=\"_blank\">https:\/\/ec.europa.eu\/consumers\/odr\/<\/a>.<br>Zur Teilnahme an einem Streitbeilegungsverfahren vor einer Verbraucherschlichtungsstelle sind wir nicht verpflichtet und nicht bereit. <\/p>\n","protected":false},"excerpt":{"rendered":"<p>Schreiber Transporte GbRH\u00f6henstra\u00dfe 3, 71711 Steinheim an der Murr Gesch\u00e4ftsf\u00fchrerNicolas Schreiber Kontakt zu Schreiber Transporte:Telefon:&nbsp;&nbsp; &nbsp;+49 (0) 7144 884405Telefax:&nbsp;&nbsp; &nbsp;+49 (0) 7144 884406E-Mail:&nbsp;&nbsp; &nbsp;info@schreiber-transporte.com Umsatzsteuer-ID:Umsatzsteuer-Identifikationsnummer gem\u00e4\u00df \u00a727 a Umsatzsteuergesetz:DE326047469 HinweiseAlle Angaben auf den Internet-Seiten der Schreiber Transporte GbR haben wir sorgf\u00e4ltig gepr\u00fcft. Trotz aller Sorgfalt kann eine Haftung oder Garantie f\u00fcr die Richtigkeit, Vollst\u00e4ndigkeit und [&hellip;]<\/p>\n","protected":false},"author":1,"featured_media":0,"parent":0,"menu_order":0,"comment_status":"closed","ping_status":"closed","template":"","meta":{"spay_email":"","footnotes":""},"class_list":["post-37","page","type-page","status-publish","hentry"],"_links":{"self":[{"href":"https:\/\/schreiber-transporte.com\/index.php?rest_route=\/wp\/v2\/pages\/37","targetHints":{"allow":["GET"]}}],"collection":[{"href":"https:\/\/schreiber-transporte.com\/index.php?rest_route=\/wp\/v2\/pages"}],"about":[{"href":"https:\/\/schreiber-transporte.com\/index.php?rest_route=\/wp\/v2\/types\/page"}],"author":[{"embeddable":true,"href":"https:\/\/schreiber-transporte.com\/index.php?rest_route=\/wp\/v2\/users\/1"}],"replies":[{"embeddable":true,"href":"https:\/\/schreiber-transporte.com\/index.php?rest_route=%2Fwp%2Fv2%2Fcomments&post=37"}],"version-history":[{"count":7,"href":"https:\/\/schreiber-transporte.com\/index.php?rest_route=\/wp\/v2\/pages\/37\/revisions"}],"predecessor-version":[{"id":83,"href":"https:\/\/schreiber-transporte.com\/index.php?rest_route=\/wp\/v2\/pages\/37\/revisions\/83"}],"wp:attachment":[{"href":"https:\/\/schreiber-transporte.com\/index.php?rest_route=%2Fwp%2Fv2%2Fmedia&parent=37"}],"curies":[{"name":"wp","href":"https:\/\/api.w.org\/{rel}","templated":true}]}}